{"id":1311,"date":"2020-02-02T22:30:28","date_gmt":"2020-02-02T21:30:28","guid":{"rendered":"https:\/\/mymondscheinparking.com\/20?page_id=1311"},"modified":"2026-01-07T12:05:31","modified_gmt":"2026-01-07T11:05:31","slug":"preise","status":"publish","type":"page","link":"https:\/\/www.mymondscheinparking.com\/20\/preise\/?lang=it","title":{"rendered":"PREZZI"},"content":{"rendered":"<p><div class=\"fusion-fullwidth fullwidth-box fusion-builder-row-1 nonhundred-percent-fullwidth non-hundred-percent-height-scrolling\" style=\"--awb-border-radius-top-left:0px;--awb-border-radius-top-right:0px;--awb-border-radius-bottom-right:0px;--awb-border-radius-bottom-left:0px;--awb-background-color:#1f222b;--awb-flex-wrap:wrap;\" ><div class=\"fusion-builder-row fusion-row\"><div class=\"fusion-layout-column fusion_builder_column fusion-builder-column-0 fusion_builder_column_1_1 1_1 fusion-one-full fusion-column-first fusion-column-last\" style=\"--awb-bg-size:cover;\"><div class=\"fusion-column-wrapper fusion-column-has-shadow fusion-flex-column-wrapper-legacy\"><div class=\"fusion-image-element fusion-image-align-center in-legacy-container\" style=\"text-align:center;--awb-caption-title-font-family:var(--h2_typography-font-family);--awb-caption-title-font-weight:var(--h2_typography-font-weight);--awb-caption-title-font-style:var(--h2_typography-font-style);--awb-caption-title-size:var(--h2_typography-font-size);--awb-caption-title-transform:var(--h2_typography-text-transform);--awb-caption-title-line-height:var(--h2_typography-line-height);--awb-caption-title-letter-spacing:var(--h2_typography-letter-spacing);\"><div class=\"imageframe-align-center\"><span class=\" fusion-imageframe imageframe-none imageframe-1 hover-type-none\"><img decoding=\"async\" width=\"70\" height=\"73\" src=\"https:\/\/www.mymondscheinparking.com\/20\/wp-content\/uploads\/2020\/02\/mondschein-mm.png\" alt class=\"img-responsive wp-image-1279\"\/><\/span><\/div><\/div><div class=\"fusion-sep-clear\"><\/div><div class=\"fusion-separator fusion-full-width-sep\" style=\"margin-left: auto;margin-right: auto;margin-bottom:50px;width:100%;\"><div class=\"fusion-separator-border sep-double\" style=\"--awb-height:20px;--awb-amount:20px;border-color:#2a2e38;border-top-width:0px;border-bottom-width:0px;\"><\/div><\/div><div class=\"fusion-sep-clear\"><\/div><div class=\"fusion-text fusion-text-1\"><h2 style=\"text-align: center;\"><span style=\"color: #ffffff;\">Parcheggiare nel cuore del centro storico di Bolzano!<\/span><\/h2>\n<\/div><div class=\"fusion-clearfix\"><\/div><\/div><\/div><div class=\"fusion-layout-column fusion_builder_column fusion-builder-column-1 fusion_builder_column_1_1 1_1 fusion-one-full fusion-column-first fusion-column-last\" style=\"--awb-bg-size:cover;--awb-border-color:#c6a14b;--awb-border-top:10px;--awb-border-right:10px;--awb-border-bottom:10px;--awb-border-left:10px;--awb-border-style:solid;--awb-margin-top:50px;--awb-margin-bottom:50px;\"><div class=\"fusion-column-wrapper fusion-column-has-shadow fusion-flex-column-wrapper-legacy\"><div class=\"fusion-text fusion-text-2\"><h3 style=\"text-align: center;\">Tariffe<\/h3>\n<\/div><div class=\"fusion-text fusion-text-3\"><p style=\"text-align: center;\"><strong>TARIFFE DIURNE<\/strong> per ora (dalle 08:00 \u2013 20:00)<br \/>\n\u2022 1 ora 3,60\u20ac<br \/>\n\u2022 ogni mezz\u00b4ora seguente 1,80\u20ac<\/p>\n<p style=\"text-align: center;\"><strong>TARIFFE NOTTURNE<\/strong> per ora (dalle 20:00 \u2013 08:00)<br \/>\n\u2022 1 ora 1,00\u20ac<\/p>\n<p style=\"text-align: center;\"><strong>TESSERE VALORE:<\/strong><br \/>\n\u2022 Tesser valore \u00e1 54,00\u20ac al prezzo di 45,00\u20ac<br \/>\n\u2022 Tessera valore \u00e1 108,00\u20ac al prezzo di 90,00\u20ac<\/p>\n<p style=\"text-align: center;\"><strong>ABBONAMENTO MENSILE NOTTURNO<\/strong>: 65,00\u20ac<\/p>\n<p style=\"text-align: center;\"><em>Tutti i prezzi sono comprensivi IVA<\/em><\/p>\n<\/div><div class=\"fusion-sep-clear\"><\/div><div class=\"fusion-separator fusion-full-width-sep\" style=\"margin-left: auto;margin-right: auto;margin-bottom:10px;width:100%;\"><\/div><div class=\"fusion-sep-clear\"><\/div><div class=\"fusion-clearfix\"><\/div><\/div><\/div><div class=\"fusion-layout-column fusion_builder_column fusion-builder-column-2 fusion_builder_column_2_3 2_3 fusion-two-third fusion-column-first\" style=\"--awb-bg-size:cover;--awb-border-color:#c6a14b;--awb-border-top:10px;--awb-border-right:10px;--awb-border-bottom:10px;--awb-border-left:10px;--awb-border-style:solid;--awb-margin-top:50px;--awb-margin-bottom:50px;width:65.3333%; margin-right: 4%;\"><div class=\"fusion-column-wrapper fusion-column-has-shadow fusion-flex-column-wrapper-legacy\"><div class=\"fusion-text fusion-text-4\"><h3 style=\"text-align: center;\">Parcheggio a tempo<\/h3>\n<\/div><div class=\"fusion-text fusion-text-5\"><p style=\"text-align: center;\"><strong>Durata inferiore a 3 mesi:<\/strong><br \/>\nNumerato (grande): 215,00 \u20ac IVA inclusa<br \/>\nNumerato (piccolo): 175,00 \u20ac IVA inclusa<br \/>\nNon numerato: 155,00 \u20ac IVA inclusa<\/p>\n<p style=\"text-align: center;\"><strong>A partire da 3 mesi:<\/strong><br \/>\nNumerato (grande): 190,00 \u20ac IVA inclusa<br \/>\nNumerato (piccolo): 150,00 \u20ac IVA inclusa<br \/>\nNon numerato: 135,01 \u20ac IVA inclusa<\/p>\n<p style=\"text-align: center;\"><strong>Abbonamenti settimanali:<\/strong><br \/>\n1 abbonamento settimanale: 95,00 \u20ac IVA inclusa<br \/>\n2 abbonamenti settimanali: 155,00 \u20ac IVA inclusa<br \/>\n3 abbonamenti settimanali: 200,00 \u20ac IVA inclusa<\/p>\n<\/div><div class=\"fusion-sep-clear\"><\/div><div class=\"fusion-separator fusion-full-width-sep\" style=\"margin-left: auto;margin-right: auto;margin-top:10px;margin-bottom:10px;width:100%;\"><\/div><div class=\"fusion-sep-clear\"><\/div><div class=\"fusion-sep-clear\"><\/div><div class=\"fusion-separator fusion-full-width-sep\" style=\"margin-left: auto;margin-right: auto;margin-top:14px;margin-bottom:14px;width:100%;\"><\/div><div class=\"fusion-sep-clear\"><\/div><div class=\"fusion-clearfix\"><\/div><\/div><\/div><div class=\"fusion-layout-column fusion_builder_column fusion-builder-column-3 fusion_builder_column_1_3 1_3 fusion-one-third fusion-column-last\" style=\"--awb-bg-size:cover;--awb-border-color:#c6a14b;--awb-border-top:0;--awb-border-right:0;--awb-border-bottom:0;--awb-border-left:0;--awb-border-style:solid;--awb-margin-top:50px;--awb-margin-bottom:50px;width:30.6666%;\"><div class=\"fusion-column-wrapper fusion-column-has-shadow fusion-flex-column-wrapper-legacy\"><div class=\"fusion-image-element fusion-image-align-center in-legacy-container\" style=\"text-align:center;--awb-caption-title-font-family:var(--h2_typography-font-family);--awb-caption-title-font-weight:var(--h2_typography-font-weight);--awb-caption-title-font-style:var(--h2_typography-font-style);--awb-caption-title-size:var(--h2_typography-font-size);--awb-caption-title-transform:var(--h2_typography-text-transform);--awb-caption-title-line-height:var(--h2_typography-line-height);--awb-caption-title-letter-spacing:var(--h2_typography-letter-spacing);\"><div class=\"imageframe-align-center\"><span class=\" fusion-imageframe imageframe-none imageframe-2 hover-type-none\"><img decoding=\"async\" width=\"185\" height=\"198\" src=\"https:\/\/www.mymondscheinparking.com\/20\/wp-content\/uploads\/2020\/02\/mymondschein-logo-footer-ok.png\" alt class=\"img-responsive wp-image-1084\"\/><\/span><\/div><\/div><div class=\"fusion-sep-clear\"><\/div><div class=\"fusion-separator fusion-full-width-sep\" style=\"margin-left: auto;margin-right: auto;margin-top:10px;margin-bottom:10px;width:100%;\"><\/div><div class=\"fusion-sep-clear\"><\/div><div class=\"fusion-text fusion-text-6\"><h5 style=\"text-align: left;\"><em>Tutte le tariffe sono inclusive di IVA. La validit\u00e0 della sosta nel parcheggio termina con il pagamento della tariffa prevista. Si prega pertanto di lasciare il parcheggio entro 10 minuti. In caso di perdita dello scontrino per il parcheggio sar\u00e0 addebitata l\u2019intera tariffa giornaliera.<\/em><\/h5>\n<h5>MwSt.-Nr.\/Part. IVA 00129940219<br \/>\nBanca Popolare IT 48 A 05856 11610 024575053194<br \/>\nBIC BPAAIT2B024<\/h5>\n<\/div><div class=\"fusion-clearfix\"><\/div><\/div><\/div><\/div><\/div><div class=\"fusion-fullwidth fullwidth-box fusion-builder-row-2 hundred-percent-fullwidth non-hundred-percent-height-scrolling\" style=\"--awb-border-radius-top-left:0px;--awb-border-radius-top-right:0px;--awb-border-radius-bottom-right:0px;--awb-border-radius-bottom-left:0px;--awb-padding-top:0px;--awb-padding-right:0px;--awb-padding-bottom:0px;--awb-padding-left:0px;--awb-flex-wrap:wrap;\" ><div class=\"fusion-builder-row fusion-row\"><div class=\"fusion-layout-column fusion_builder_column fusion-builder-column-4 fusion_builder_column_1_1 1_1 fusion-one-full fusion-column-first fusion-column-last\" style=\"--awb-bg-size:cover;\"><div class=\"fusion-column-wrapper fusion-flex-column-wrapper-legacy\"><div class=\"fusion-align-block\"><a class=\"fusion-button button-flat button-large button-default fusion-button-default button-1 fusion-button-default-span fusion-button-default-type custom-button\" style=\"width:calc(100%);\" target=\"_self\" href=\"https:\/\/mymondscheinparking.com\/20\/?page_id=1303&amp;lang=it\"><span class=\"fusion-button-text awb-button__text awb-button__text--default\">CONTATTO<\/span><\/a><\/div><div class=\"fusion-clearfix\"><\/div><\/div><\/div><\/div><\/div><\/p>\n","protected":false},"excerpt":{"rendered":"","protected":false},"author":1,"featured_media":0,"parent":0,"menu_order":0,"comment_status":"closed","ping_status":"closed","template":"100-width.php","meta":{"_bbp_topic_count":0,"_bbp_reply_count":0,"_bbp_total_topic_count":0,"_bbp_total_reply_count":0,"_bbp_voice_count":0,"_bbp_anonymous_reply_count":0,"_bbp_topic_count_hidden":0,"_bbp_reply_count_hidden":0,"_bbp_forum_subforum_count":0,"footnotes":""},"class_list":["post-1311","page","type-page","status-publish","hentry"],"yoast_head":"<!-- This site is optimized with the Yoast SEO plugin v26.5 - https:\/\/yoast.com\/wordpress\/plugins\/seo\/ -->\n<title>PREZZI Parcheggiare a Bolzano - MY MONDSCHEIN PARKING<\/title>\n<meta name=\"description\" content=\"Ideal f\u00fcr Shoppingtouren, Erledigungen oder Partyn\u00e4chte. Sicher und zentral rund um die Uhr. Adresse: M\u00fchlgasse\/Via Molini 18, Bozen\/Bolzano.\" \/>\n<meta name=\"robots\" content=\"index, follow, max-snippet:-1, max-image-preview:large, max-video-preview:-1\" \/>\n<link rel=\"canonical\" href=\"https:\/\/www.mymondscheinparking.com\/20\/preise\/?lang=it\" \/>\n<meta property=\"og:locale\" content=\"de_DE\" \/>\n<meta property=\"og:type\" content=\"article\" \/>\n<meta property=\"og:title\" content=\"PREZZI Parcheggiare a Bolzano - MY MONDSCHEIN PARKING\" \/>\n<meta property=\"og:description\" content=\"Ideal f\u00fcr Shoppingtouren, Erledigungen oder Partyn\u00e4chte. Sicher und zentral rund um die Uhr. Adresse: M\u00fchlgasse\/Via Molini 18, Bozen\/Bolzano.\" \/>\n<meta property=\"og:url\" content=\"https:\/\/www.mymondscheinparking.com\/20\/preise\/?lang=it\" \/>\n<meta property=\"og:site_name\" content=\"MY MONDSCHEIN\" \/>\n<meta property=\"article:publisher\" content=\"http:\/\/www.facebook.com\" \/>\n<meta property=\"article:modified_time\" content=\"2026-01-07T11:05:31+00:00\" \/>\n<meta name=\"twitter:label1\" content=\"Gesch\u00e4tzte Lesezeit\" \/>\n\t<meta name=\"twitter:data1\" content=\"2\u00a0Minuten\" \/>\n<script type=\"application\/ld+json\" class=\"yoast-schema-graph\">{\"@context\":\"https:\/\/schema.org\",\"@graph\":[{\"@type\":\"WebPage\",\"@id\":\"https:\/\/www.mymondscheinparking.com\/20\/preise\/?lang=it\",\"url\":\"https:\/\/www.mymondscheinparking.com\/20\/preise\/?lang=it\",\"name\":\"PREZZI Parcheggiare a Bolzano - MY MONDSCHEIN PARKING\",\"isPartOf\":{\"@id\":\"https:\/\/www.mymondscheinparking.com\/20\/#website\"},\"datePublished\":\"2020-02-02T21:30:28+00:00\",\"dateModified\":\"2026-01-07T11:05:31+00:00\",\"description\":\"Ideal f\u00fcr Shoppingtouren, Erledigungen oder Partyn\u00e4chte. Sicher und zentral rund um die Uhr. Adresse: M\u00fchlgasse\/Via Molini 18, Bozen\/Bolzano.\",\"breadcrumb\":{\"@id\":\"https:\/\/www.mymondscheinparking.com\/20\/preise\/?lang=it#breadcrumb\"},\"inLanguage\":\"de\",\"potentialAction\":[{\"@type\":\"ReadAction\",\"target\":[\"https:\/\/www.mymondscheinparking.com\/20\/preise\/?lang=it\"]}]},{\"@type\":\"BreadcrumbList\",\"@id\":\"https:\/\/www.mymondscheinparking.com\/20\/preise\/?lang=it#breadcrumb\",\"itemListElement\":[{\"@type\":\"ListItem\",\"position\":1,\"name\":\"Startseite\",\"item\":\"https:\/\/www.mymondscheinparking.com\/20\/\"},{\"@type\":\"ListItem\",\"position\":2,\"name\":\"PREZZI\"}]},{\"@type\":\"WebSite\",\"@id\":\"https:\/\/www.mymondscheinparking.com\/20\/#website\",\"url\":\"https:\/\/www.mymondscheinparking.com\/20\/\",\"name\":\"MY MONDSCHEIN\",\"description\":\"Parking in the City\",\"potentialAction\":[{\"@type\":\"SearchAction\",\"target\":{\"@type\":\"EntryPoint\",\"urlTemplate\":\"https:\/\/www.mymondscheinparking.com\/20\/?s={search_term_string}\"},\"query-input\":{\"@type\":\"PropertyValueSpecification\",\"valueRequired\":true,\"valueName\":\"search_term_string\"}}],\"inLanguage\":\"de\"}]}<\/script>\n<!-- \/ Yoast SEO plugin. -->","yoast_head_json":{"title":"PREZZI Parcheggiare a Bolzano - MY MONDSCHEIN PARKING","description":"Ideal f\u00fcr Shoppingtouren, Erledigungen oder Partyn\u00e4chte. Sicher und zentral rund um die Uhr. Adresse: M\u00fchlgasse\/Via Molini 18, Bozen\/Bolzano.","robots":{"index":"index","follow":"follow","max-snippet":"max-snippet:-1","max-image-preview":"max-image-preview:large","max-video-preview":"max-video-preview:-1"},"canonical":"https:\/\/www.mymondscheinparking.com\/20\/preise\/?lang=it","og_locale":"de_DE","og_type":"article","og_title":"PREZZI Parcheggiare a Bolzano - MY MONDSCHEIN PARKING","og_description":"Ideal f\u00fcr Shoppingtouren, Erledigungen oder Partyn\u00e4chte. Sicher und zentral rund um die Uhr. Adresse: M\u00fchlgasse\/Via Molini 18, Bozen\/Bolzano.","og_url":"https:\/\/www.mymondscheinparking.com\/20\/preise\/?lang=it","og_site_name":"MY MONDSCHEIN","article_publisher":"http:\/\/www.facebook.com","article_modified_time":"2026-01-07T11:05:31+00:00","twitter_misc":{"Gesch\u00e4tzte Lesezeit":"2\u00a0Minuten"},"schema":{"@context":"https:\/\/schema.org","@graph":[{"@type":"WebPage","@id":"https:\/\/www.mymondscheinparking.com\/20\/preise\/?lang=it","url":"https:\/\/www.mymondscheinparking.com\/20\/preise\/?lang=it","name":"PREZZI Parcheggiare a Bolzano - MY MONDSCHEIN PARKING","isPartOf":{"@id":"https:\/\/www.mymondscheinparking.com\/20\/#website"},"datePublished":"2020-02-02T21:30:28+00:00","dateModified":"2026-01-07T11:05:31+00:00","description":"Ideal f\u00fcr Shoppingtouren, Erledigungen oder Partyn\u00e4chte. Sicher und zentral rund um die Uhr. Adresse: M\u00fchlgasse\/Via Molini 18, Bozen\/Bolzano.","breadcrumb":{"@id":"https:\/\/www.mymondscheinparking.com\/20\/preise\/?lang=it#breadcrumb"},"inLanguage":"de","potentialAction":[{"@type":"ReadAction","target":["https:\/\/www.mymondscheinparking.com\/20\/preise\/?lang=it"]}]},{"@type":"BreadcrumbList","@id":"https:\/\/www.mymondscheinparking.com\/20\/preise\/?lang=it#breadcrumb","itemListElement":[{"@type":"ListItem","position":1,"name":"Startseite","item":"https:\/\/www.mymondscheinparking.com\/20\/"},{"@type":"ListItem","position":2,"name":"PREZZI"}]},{"@type":"WebSite","@id":"https:\/\/www.mymondscheinparking.com\/20\/#website","url":"https:\/\/www.mymondscheinparking.com\/20\/","name":"MY MONDSCHEIN","description":"Parking in the City","potentialAction":[{"@type":"SearchAction","target":{"@type":"EntryPoint","urlTemplate":"https:\/\/www.mymondscheinparking.com\/20\/?s={search_term_string}"},"query-input":{"@type":"PropertyValueSpecification","valueRequired":true,"valueName":"search_term_string"}}],"inLanguage":"de"}]}},"_links":{"self":[{"href":"https:\/\/www.mymondscheinparking.com\/20\/wp-json\/wp\/v2\/pages\/1311","targetHints":{"allow":["GET"]}}],"collection":[{"href":"https:\/\/www.mymondscheinparking.com\/20\/wp-json\/wp\/v2\/pages"}],"about":[{"href":"https:\/\/www.mymondscheinparking.com\/20\/wp-json\/wp\/v2\/types\/page"}],"author":[{"embeddable":true,"href":"https:\/\/www.mymondscheinparking.com\/20\/wp-json\/wp\/v2\/users\/1"}],"replies":[{"embeddable":true,"href":"https:\/\/www.mymondscheinparking.com\/20\/wp-json\/wp\/v2\/comments?post=1311"}],"version-history":[{"count":26,"href":"https:\/\/www.mymondscheinparking.com\/20\/wp-json\/wp\/v2\/pages\/1311\/revisions"}],"predecessor-version":[{"id":2274,"href":"https:\/\/www.mymondscheinparking.com\/20\/wp-json\/wp\/v2\/pages\/1311\/revisions\/2274"}],"wp:attachment":[{"href":"https:\/\/www.mymondscheinparking.com\/20\/wp-json\/wp\/v2\/media?parent=1311"}],"curies":[{"name":"wp","href":"https:\/\/api.w.org\/{rel}","templated":true}]}}